{"id":1702,"date":"2019-03-22T14:17:08","date_gmt":"2019-03-22T05:17:08","guid":{"rendered":"https:\/\/mechanical-finder.com\/?page_id=1702"},"modified":"2025-03-06T10:38:25","modified_gmt":"2025-03-06T01:38:25","slug":"about-us","status":"publish","type":"page","link":"https:\/\/mechanical-finder.com\/ja\/about-us\/","title":{"rendered":"\u4f1a\u793e\u6982\u8981"},"content":{"rendered":"<p><div class=\"fusion-fullwidth fullwidth-box fusion-builder-row-1 nonhundred-percent-fullwidth non-hundred-percent-height-scrolling\" style=\"--awb-border-radius-top-left:0px;--awb-border-radius-top-right:0px;--awb-border-radius-bottom-right:0px;--awb-border-radius-bottom-left:0px;--awb-padding-top:55px;--awb-padding-right:6%;--awb-padding-left:6%;--awb-background-color:#e6eded;\" ><div class=\"fusion-builder-row fusion-row\"><div class=\"fusion-layout-column fusion_builder_column fusion-builder-column-0 fusion_builder_column_1_1 1_1 fusion-one-full fusion-column-first fusion-column-last\" style=\"--awb-bg-size:cover;\"><div class=\"fusion-column-wrapper fusion-flex-column-wrapper-legacy\"><div class=\"fusion-text fusion-text-1\" style=\"--awb-content-alignment:center;\"><h2>\u958b\u767a\u30fb\u8ca9\u58f2<\/h2>\n<\/div><div class=\"fusion-sep-clear\"><\/div><div class=\"fusion-separator\" style=\"margin-left: auto;margin-right: auto;margin-top:-10px;margin-bottom:10px;width:100%;max-width:100px;\"><div class=\"fusion-separator-border sep-single\" style=\"--awb-height:20px;--awb-amount:20px;--awb-sep-color:#009cdb;border-color:#009cdb;border-top-width:3px;\"><\/div><\/div><div class=\"fusion-sep-clear\"><\/div><div class=\"fusion-clearfix\"><\/div><\/div><\/div><div class=\"fusion-layout-column fusion_builder_column fusion-builder-column-1 fusion_builder_column_1_2 1_2 fusion-one-half fusion-column-first\" style=\"--awb-bg-size:cover;width:50%;width:calc(50% - ( ( 4% ) * 0.5 ) );margin-right: 4%;\"><div class=\"fusion-column-wrapper fusion-flex-column-wrapper-legacy\"><?xml version=\"1.0\" encoding=\"utf-8\"?>\n<!-- Generator: Adobe Illustrator 22.1.0, SVG Export Plug-In . SVG Version: 6.00 Build 0)  -->\n<svg version=\"1.1\" xmlns=\"http:\/\/www.w3.org\/2000\/svg\" xmlns:xlink=\"http:\/\/www.w3.org\/1999\/xlink\" x=\"0px\" y=\"0px\"\n\t width =\"150px\" height=\"51px\" viewBox=\"0 0 2500 850\" style=\"enable-background:new 0 0 2500 850;\" xml:space=\"preserve\">\n<style type=\"text\/css\">\n\t.st0{display:none;}\n\t.st1{clip-path:url(#SVGID_2_);}\n\t.st2{clip-path:url(#SVGID_4_);fill:#040000;}\n\t.st3{clip-path:url(#SVGID_4_);}\n\t.st4{fill:#FFFFFF;}\n\t.st5{clip-path:url(#SVGID_4_);fill:#FFFFFF;}\n\t.st6{clip-path:url(#SVGID_4_);fill:url(#\u30b0\u30e9\u30c7\u30fc\u30b7\u30e7\u30f3_3_);}\n\t.st7{clip-path:url(#SVGID_2_);fill:url(#\u30b0\u30e9\u30c7\u30fc\u30b7\u30e7\u30f3_4_);}\n<\/style>\n<g id=\"\u5143\u753b\u50cf\" class=\"st0\">\n<\/g>\n<g id=\"\u9ed2\u5e2f_1_\" class=\"st0\">\n<\/g>\n<g id=\"\u6587\u5b57\" class=\"st0\">\n<\/g>\n<g id=\"\u30af\u30ea\u30c3\u30d4\u30f3\u30b0\u30de\u30b9\u30af\" class=\"st0\">\n<\/g>\n<g id=\"_x30_0533E\" class=\"st0\">\n<\/g>\n<g id=\"\u30b0\u30e9\u30c7\u30fc\u30b7\u30e7\u30f3\" class=\"st0\">\n<\/g>\n<g id=\"\u30af\u30ea\u30c3\u30d4\u30f3\u30b0\u5168\u4f53\">\n\t<g>\n\t\t<defs>\n\t\t\t<rect id=\"SVGID_1_\" width=\"2500\" height=\"850\"\/>\n\t\t<\/defs>\n\t\t<clipPath id=\"SVGID_2_\">\n\t\t\t<use xlink:href=\"#SVGID_1_\"  style=\"overflow:visible;\"\/>\n\t\t<\/clipPath>\n\t\t<g id=\"\u9ed2\u5e2f\u30de\u30b9\u30af\" class=\"st1\">\n\t\t\t<defs>\n\t\t\t\t<rect id=\"SVGID_3_\" x=\"-14\" y=\"383\" width=\"2514\" height=\"481\"\/>\n\t\t\t<\/defs>\n\t\t\t<clipPath id=\"SVGID_4_\">\n\t\t\t\t<use xlink:href=\"#SVGID_3_\"  style=\"overflow:visible;\"\/>\n\t\t\t<\/clipPath>\n\t\t\t<rect id=\"\u9ed2\u5e2f\" x=\"-14\" y=\"373\" class=\"st2\" width=\"2514\" height=\"491\"\/>\n\t\t\t<g class=\"st3\">\n\t\t\t\t<path id=\"R_1_\" class=\"st4\" d=\"M621,864H516v-95c0-43.3-35.7-87-77-87H268v182H161V373l347,10c16,0,117,15.3,117,132\n\t\t\t\t\tc0,80-31.8,99.8-74,124c14,9,70,28,70,100V864z M464,590c45.3,0,61-34.3,61-62.5c0-24.8-20.3-62.5-61-62.5H268v125H464z\"\/>\n\t\t\t\t<path class=\"st4\" d=\"M621.5,864.5h-106V769c0-20.9-8.3-42.5-22.9-59.4c-14.8-17.2-34.4-27.1-53.6-27.1H268.5v182h-108v-492\n\t\t\t\t\tl0.5,0l347,10c8.8,0,37.7,4,64.8,22.3c15.5,10.5,27.9,24,36.6,40.1c10.7,19.6,16.1,43.2,16.1,70.1c0,37.1-6.8,63.5-21.3,83.2\n\t\t\t\t\tC591.6,615.4,574.6,626,552,639c1.7,1.1,4,2.3,6.6,3.6c20.4,10.8,63,33.4,63,96.4V864.5z M516.5,863.5h104V739\n\t\t\t\t\tc0-62.4-42.2-84.7-62.4-95.5c-3-1.6-5.5-2.9-7.3-4.1L550,639l0.7-0.4c41.2-23.6,73.7-42.3,73.7-123.6\n\t\t\t\t\tc0-49.1-17.6-85.9-52.3-109.4c-26.7-18.1-56.1-22.1-64.2-22.1l-346.5-10v490h106v-182H439c19.5,0,39.3,10,54.4,27.4\n\t\t\t\t\tc14.7,17,23.1,38.9,23.1,60.1V863.5z M464,590.5H267.5v-126H464c40.1,0,61.5,36.6,61.5,63C525.5,556.6,509.4,590.5,464,590.5z\n\t\t\t\t\t M268.5,589.5H464c44.7,0,60.5-33.4,60.5-62c0-26-21-62-60.5-62H268.5V589.5z\"\/>\n\t\t\t<\/g>\n\t\t\t<path id=\"C\" class=\"st5\" d=\"M910,383c-111.5,0-226,87-226,233.5C684,755,797.5,850,910,850l302,10V728H910\n\t\t\t\tc-49.3,0-103-51-103-111.5c0-66.2,54.7-111.5,103-111.5h302V373L910,383z\"\/>\n\t\t\t<path id=\"C_1_\" class=\"st5\" d=\"M1446,383c-111.5,0-226,87-226,233.5C1220,755,1333.5,850,1446,850l302,10V728h-302\n\t\t\t\tc-49.3,0-103-51-103-111.5c0-66.2,54.7-111.5,103-111.5h302V373L1446,383z\"\/>\n\t\t\t<polygon id=\"M\" class=\"st5\" points=\"2246,864 2351,864 2351,373 2238,373 2096,621 1954,373 1841,373 1841,864 1946,864 \n\t\t\t\t1946,584 2096,813 2246,584 \t\t\t\"\/>\n\t\t\t\n\t\t\t\t<radialGradient id=\"\u30b0\u30e9\u30c7\u30fc\u30b7\u30e7\u30f3_3_\" cx=\"1229\" cy=\"280.0362\" r=\"1268.1674\" gradientTransform=\"matrix(1.017 0 0 1.0208 0.2375 -17.9626)\" gradientUnits=\"userSpaceOnUse\">\n\t\t\t\t<stop  offset=\"0\" style=\"stop-color:#040000;stop-opacity:0\"\/>\n\t\t\t\t<stop  offset=\"0.2\" style=\"stop-color:#040000;stop-opacity:0\"\/>\n\t\t\t\t<stop  offset=\"1\" style=\"stop-color:#040000;stop-opacity:0.3\"\/>\n\t\t\t<\/radialGradient>\n\t\t\t<rect id=\"\u30b0\u30e9\u30c7\u30fc\u30b7\u30e7\u30f3_2_\" x=\"-14\" y=\"373\" class=\"st6\" width=\"2528.2\" height=\"491\"\/>\n\t\t<\/g>\n\t\t\n\t\t\t<radialGradient id=\"\u30b0\u30e9\u30c7\u30fc\u30b7\u30e7\u30f3_4_\" cx=\"1229\" cy=\"313\" r=\"1267.5803\" gradientTransform=\"matrix(1.017 0 0 1 0.2375 0)\" gradientUnits=\"userSpaceOnUse\">\n\t\t\t<stop  offset=\"0\" style=\"stop-color:#83CAB8\"\/>\n\t\t\t<stop  offset=\"0.4\" style=\"stop-color:#25886E\"\/>\n\t\t\t<stop  offset=\"0.4551\" style=\"stop-color:#1E7C63\"\/>\n\t\t\t<stop  offset=\"0.5715\" style=\"stop-color:#136951\"\/>\n\t\t\t<stop  offset=\"0.6956\" style=\"stop-color:#065C45\"\/>\n\t\t\t<stop  offset=\"0.8312\" style=\"stop-color:#01543F\"\/>\n\t\t\t<stop  offset=\"1\" style=\"stop-color:#00523D\"\/>\n\t\t<\/radialGradient>\n\t\t<rect id=\"\u30b0\u30e9\u30c7\u30fc\u30b7\u30e7\u30f3_1_\" x=\"-14\" y=\"-13.5\" class=\"st7\" width=\"2528.2\" height=\"373\"\/>\n\t<\/g>\n<\/g>\n<\/svg>\n\n<div class=\"fusion-text fusion-text-2\"><h5>\u682a\u5f0f\u4f1a\u793e \u8a08\u7b97\u529b\u5b66\u7814\u7a76\u30bb\u30f3\u30bf\u30fc<\/h5>\n<\/div><div class=\"fusion-fa-align-left\"><i class=\"fb-icon-element-1 fb-icon-element fontawesome-icon fa-map-marker-alt fas circle-no\" style=\"--awb-iconcolor:#747474;--awb-iconcolor-hover:#0092da;--awb-font-size:20px;--awb-margin-top:5px;--awb-margin-right:10px;\"><\/i><\/div><div class=\"fusion-text fusion-text-3\"><p>\u6771\u4eac\u90fd\u54c1\u5ddd\u533a\u6238\u8d8a1-7-1 ThePLACE \u6238\u8d8a 8\u968e<\/p>\n<\/div><div class=\"fusion-fa-align-left\"><i class=\"fb-icon-element-2 fb-icon-element fontawesome-icon fa-phone fas circle-no\" style=\"--awb-iconcolor:#747474;--awb-iconcolor-hover:#0092da;--awb-font-size:20px;--awb-margin-top:5px;--awb-margin-right:10px;\"><\/i><\/div><div class=\"fusion-text fusion-text-4\"><p>03-3785-3059<\/p>\n<\/div><div class=\"fusion-fa-align-left\"><i class=\"fb-icon-element-3 fb-icon-element fontawesome-icon fa-envelope fas circle-no\" style=\"--awb-iconcolor:#747474;--awb-iconcolor-hover:#0092da;--awb-font-size:20px;--awb-margin-top:5px;--awb-margin-right:10px;\"><\/i><\/div><div class=\"fusion-text fusion-text-5\"><p><a href=\"mailto:office@rccm.co.jp\">office@rccm.co.jp<\/a><\/p>\n<\/div><div class=\"fusion-fa-align-left\"><i class=\"fb-icon-element-4 fb-icon-element fontawesome-icon fa-globe fas circle-no\" style=\"--awb-iconcolor:#747474;--awb-iconcolor-hover:#0092da;--awb-font-size:20px;--awb-margin-top:5px;--awb-margin-right:10px;\"><\/i><\/div><div class=\"fusion-text fusion-text-6\"><p><a href=\"https:\/\/www.rccm.co.jp\/\" target=\"_blank\" rel=\"noopener noreferrer\">https:\/\/www.rccm.co.jp\/<\/a><\/p>\n<\/div><div class=\"fusion-social-links fusion-social-links-1\" style=\"--awb-margin-top:0px;--awb-margin-right:0px;--awb-margin-bottom:0px;--awb-margin-left:0px;--awb-box-border-top:0px;--awb-box-border-right:0px;--awb-box-border-bottom:0px;--awb-box-border-left:0px;--awb-icon-colors-hover:rgba(190,189,189,0.8);--awb-box-colors-hover:rgba(232,232,232,0.8);--awb-box-border-color:var(--awb-color3);--awb-box-border-color-hover:var(--awb-color4);\"><div class=\"fusion-social-networks color-type-custom\"><div class=\"fusion-social-networks-wrapper\"><a class=\"fusion-social-network-icon fusion-tooltip fusion-mail awb-icon-mail\" style=\"color:#bebdbd;font-size:16px;\" data-placement=\"top\" data-title=\"\u96fb\u5b50\u30e1\u30fc\u30eb\" data-toggle=\"tooltip\" title=\"\u96fb\u5b50\u30e1\u30fc\u30eb\" aria-label=\"mail\" target=\"_blank\" rel=\"noopener noreferrer\" href=\"mailto:su&#112;&#112;o&#114;t&#064;m&#101;&#099;hani&#099;a&#108;&#045;f&#105;&#110;&#100;e&#114;.com\"><\/a><a class=\"fusion-social-network-icon fusion-tooltip fusion-linkedin awb-icon-linkedin\" style=\"color:#bebdbd;font-size:16px;\" data-placement=\"top\" data-title=\"LinkedIn\" data-toggle=\"tooltip\" title=\"LinkedIn\" aria-label=\"linkedin\" target=\"_blank\" rel=\"noopener noreferrer\" href=\"https:\/\/www.linkedin.com\/company\/mechanicalfinder\/\"><\/a><a class=\"fusion-social-network-icon fusion-tooltip fusion-youtube awb-icon-youtube\" style=\"color:#bebdbd;font-size:16px;\" data-placement=\"top\" data-title=\"YouTube\" data-toggle=\"tooltip\" title=\"YouTube\" aria-label=\"youtube\" target=\"_blank\" rel=\"noopener noreferrer\" href=\"https:\/\/www.youtube.com\/channel\/UCP1L3zcGeFahX49tDMp5LMQ\"><\/a><a class=\"fusion-social-network-icon fusion-tooltip fusion-facebook awb-icon-facebook\" style=\"color:#bebdbd;font-size:16px;\" data-placement=\"top\" data-title=\"Facebook\" data-toggle=\"tooltip\" title=\"Facebook\" aria-label=\"facebook\" target=\"_blank\" rel=\"noopener noreferrer\" href=\"https:\/\/www.facebook.com\/MECHANICALFINDER1999\/\"><\/a><\/div><\/div><\/div><div class=\"fusion-clearfix\"><\/div><\/div><\/div><div class=\"fusion-layout-column fusion_builder_column fusion-builder-column-2 fusion_builder_column_1_2 1_2 fusion-one-half fusion-column-last\" style=\"--awb-bg-size:cover;width:50%;width:calc(50% - ( ( 4% ) * 0.5 ) );\"><div class=\"fusion-column-wrapper fusion-flex-column-wrapper-legacy\"><div class=\"shortcode-map fusion-google-map fusion-maps-embed-type\"><iframe class=\"fusion-hidden\" data-privacy-type=\"gmaps\" src=\"\" width=\"100%\" height=\"300px\" frameborder=\"0\" style=\"border:0\" data-privacy-src=\"https:\/\/www.google.com\/maps\/embed\/v1\/place?key=AIzaSyCEFIrEL7fEVUN7IxfgAc8I_kqv-qS9TeE&language=ja&q=1-7-1+Togoshi,+Shinagawa-ku,+Tokyo,+JAPAN&maptype=roadmap&zoom=14\" allowfullscreen><\/iframe><div class=\"fusion-privacy-placeholder\" style=\"width:100%; height:300px;\" data-privacy-type=\"gmaps\"><div class=\"fusion-privacy-placeholder-content\"><div class=\"fusion-privacy-label\">For privacy reasons Google Maps needs your permission to be loaded. For more details, please see our <a class=\"privacy-policy-link\" href=\"https:\/\/mechanical-finder.com\/privacy-policy\/\" rel=\"privacy-policy\">Privacy Policy<\/a>.<\/div><a href=\"\" data-privacy-type=\"gmaps\" class=\"fusion-button button-default fusion-button-default-size button fusion-privacy-consent\">I Accept<\/a><\/div><\/div><\/div><div class=\"fusion-clearfix\"><\/div><\/div><\/div><\/div><\/div><div class=\"fusion-fullwidth fullwidth-box fusion-builder-row-2 nonhundred-percent-fullwidth non-hundred-percent-height-scrolling\" style=\"--awb-border-radius-top-left:0px;--awb-border-radius-top-right:0px;--awb-border-radius-bottom-right:0px;--awb-border-radius-bottom-left:0px;--awb-padding-right:6%;--awb-padding-left:6%;\" ><div class=\"fusion-builder-row fusion-row\"><div class=\"fusion-layout-column fusion_builder_column fusion-builder-column-3 fusion_builder_column_1_1 1_1 fusion-one-full fusion-column-first fusion-column-last\" style=\"--awb-bg-size:cover;\"><div class=\"fusion-column-wrapper fusion-flex-column-wrapper-legacy\"><div class=\"fusion-text fusion-text-7\" style=\"--awb-content-alignment:center;\"><h2>\u6d77\u5916\u8ca9\u58f2\u5e97<\/h2>\n<\/div><div class=\"fusion-sep-clear\"><\/div><div class=\"fusion-separator\" style=\"margin-left: auto;margin-right: auto;margin-top:-10px;margin-bottom:10px;width:100%;max-width:100px;\"><div class=\"fusion-separator-border sep-single\" style=\"--awb-height:20px;--awb-amount:20px;--awb-sep-color:#009cdb;border-color:#009cdb;border-top-width:3px;\"><\/div><\/div><div class=\"fusion-sep-clear\"><\/div><div class=\"fusion-text fusion-text-8\"><h2>\u30e8\u30fc\u30ed\u30c3\u30d1<\/h2>\n<\/div><div class=\"fusion-sep-clear\"><\/div><div class=\"fusion-separator fusion-full-width-sep fusion-clearfix\" style=\"float:left;margin-top:-20px;margin-bottom:10px;width:100%;\"><div class=\"fusion-separator-border sep-single\" style=\"--awb-height:20px;--awb-amount:20px;--awb-sep-color:#009cdb;border-color:#009cdb;border-top-width:1px;\"><\/div><\/div><div class=\"fusion-sep-clear\"><\/div><div class=\"fusion-clearfix\"><\/div><\/div><\/div><div class=\"fusion-layout-column fusion_builder_column fusion-builder-column-4 fusion_builder_column_1_2 1_2 fusion-one-half fusion-column-first\" style=\"--awb-bg-size:cover;width:50%;width:calc(50% - ( ( 4% ) * 0.5 ) );margin-right: 4%;\"><div class=\"fusion-column-wrapper fusion-flex-column-wrapper-legacy\"><div class=\"fusion-image-element in-legacy-container\" style=\"--awb-caption-title-font-family:var(--h2_typography-font-family);--awb-caption-title-font-weight:var(--h2_typography-font-weight);--awb-caption-title-font-style:var(--h2_typography-font-style);--awb-caption-title-size:var(--h2_typography-font-size);--awb-caption-title-transform:var(--h2_typography-text-transform);--awb-caption-title-line-height:var(--h2_typography-line-height);--awb-caption-title-letter-spacing:var(--h2_typography-letter-spacing);\"><span class=\" fusion-imageframe imageframe-none imageframe-1 hover-type-none\" class=\"image-magnify\" class=\"image-scroll\"><img decoding=\"async\" width=\"180\" height=\"110\" title=\"ccLogo\" src=\"https:\/\/mechanical-finder.com\/wp\/wp-content\/uploads\/2019\/02\/ccLogo.gif\" alt class=\"img-responsive wp-image-822\"\/><\/span><\/div><div class=\"fusion-text fusion-text-9\"><h5>\u010cervenka Consulting s.r.o<\/h5>\n<\/div><div class=\"fusion-fa-align-left\"><i class=\"fb-icon-element-5 fb-icon-element fontawesome-icon fa-map-marker-alt fas circle-no\" style=\"--awb-iconcolor:#747474;--awb-iconcolor-hover:#0092da;--awb-font-size:20px;--awb-margin-top:5px;--awb-margin-right:10px;\"><\/i><\/div><div class=\"fusion-text fusion-text-10\"><p>Na Hrebenkach 55, 150 00 Praha 5, Czech Republic<\/p>\n<\/div><div class=\"fusion-fa-align-left\"><i class=\"fb-icon-element-6 fb-icon-element fontawesome-icon fa-phone fas circle-no\" style=\"--awb-iconcolor:#747474;--awb-iconcolor-hover:#0092da;--awb-font-size:20px;--awb-margin-top:5px;--awb-margin-right:10px;\"><\/i><\/div><div class=\"fusion-text fusion-text-11\"><p>+420 220 610 018, +420 257 224 378<\/p>\n<\/div><div class=\"fusion-fa-align-left\"><i class=\"fb-icon-element-7 fb-icon-element fontawesome-icon fa-envelope fas circle-no\" style=\"--awb-iconcolor:#747474;--awb-iconcolor-hover:#0092da;--awb-font-size:20px;--awb-margin-top:5px;--awb-margin-right:10px;\"><\/i><\/div><div class=\"fusion-text fusion-text-12\"><p><a href=\"mailto:mech@cervenka.cz\">mech@cervenka.cz<\/a><\/p>\n<\/div><div class=\"fusion-fa-align-left\"><i class=\"fb-icon-element-8 fb-icon-element fontawesome-icon fa-globe fas circle-no\" style=\"--awb-iconcolor:#747474;--awb-iconcolor-hover:#0092da;--awb-font-size:20px;--awb-margin-top:5px;--awb-margin-right:10px;\"><\/i><\/div><div class=\"fusion-text fusion-text-13\"><p><a href=\"https:\/\/www.cervenka.cz\/\" target=\"_blank\" rel=\"noopener noreferrer\">https:\/\/www.cervenka.cz\/<\/a><\/p>\n<\/div><div class=\"fusion-clearfix\"><\/div><\/div><\/div><div class=\"fusion-layout-column fusion_builder_column fusion-builder-column-5 fusion_builder_column_1_2 1_2 fusion-one-half fusion-column-last\" style=\"--awb-bg-size:cover;width:50%;width:calc(50% - ( ( 4% ) * 0.5 ) );\"><div class=\"fusion-column-wrapper fusion-flex-column-wrapper-legacy\"><div class=\"shortcode-map fusion-google-map fusion-maps-embed-type\"><iframe class=\"fusion-hidden\" data-privacy-type=\"gmaps\" src=\"\" width=\"100%\" height=\"300px\" frameborder=\"0\" style=\"border:0\" data-privacy-src=\"https:\/\/www.google.com\/maps\/embed\/v1\/place?key=AIzaSyCEFIrEL7fEVUN7IxfgAc8I_kqv-qS9TeE&language=ja&q=Na+Hrebenkach+55,+150+00+Praha+5,+Czech+Republic&maptype=roadmap&zoom=14\" allowfullscreen><\/iframe><div class=\"fusion-privacy-placeholder\" style=\"width:100%; height:300px;\" data-privacy-type=\"gmaps\"><div class=\"fusion-privacy-placeholder-content\"><div class=\"fusion-privacy-label\">For privacy reasons Google Maps needs your permission to be loaded. For more details, please see our <a class=\"privacy-policy-link\" href=\"https:\/\/mechanical-finder.com\/privacy-policy\/\" rel=\"privacy-policy\">Privacy Policy<\/a>.<\/div><a href=\"\" data-privacy-type=\"gmaps\" class=\"fusion-button button-default fusion-button-default-size button fusion-privacy-consent\">I Accept<\/a><\/div><\/div><\/div><div class=\"fusion-clearfix\"><\/div><\/div><\/div><\/div><\/div><div class=\"fusion-fullwidth fullwidth-box fusion-builder-row-3 has-pattern-background has-mask-background nonhundred-percent-fullwidth non-hundred-percent-height-scrolling\" style=\"--awb-border-radius-top-left:0px;--awb-border-radius-top-right:0px;--awb-border-radius-bottom-right:0px;--awb-border-radius-bottom-left:0px;--awb-padding-right:6%;--awb-padding-left:6%;\" ><div class=\"fusion-builder-row fusion-row\"><div class=\"fusion-layout-column fusion_builder_column fusion-builder-column-6 fusion_builder_column_1_1 1_1 fusion-one-full fusion-column-first fusion-column-last\" style=\"--awb-bg-size:cover;\"><div class=\"fusion-column-wrapper fusion-flex-column-wrapper-legacy\"><div class=\"fusion-text fusion-text-14\"><h2>\u30c8\u30eb\u30b3<\/h2>\n<\/div><div class=\"fusion-sep-clear\"><\/div><div class=\"fusion-separator fusion-full-width-sep fusion-clearfix\" style=\"float:left;margin-top:-20px;margin-bottom:10px;width:100%;\"><div class=\"fusion-separator-border sep-single\" style=\"--awb-height:20px;--awb-amount:20px;--awb-sep-color:#009cdb;border-color:#009cdb;border-top-width:1px;\"><\/div><\/div><div class=\"fusion-sep-clear\"><\/div><div class=\"fusion-clearfix\"><\/div><\/div><\/div><div class=\"fusion-layout-column fusion_builder_column fusion-builder-column-7 fusion_builder_column_1_2 1_2 fusion-one-half fusion-column-first\" style=\"--awb-bg-size:cover;width:50%;width:calc(50% - ( ( 4% ) * 0.5 ) );margin-right: 4%;\"><div class=\"fusion-column-wrapper fusion-flex-column-wrapper-legacy\"><div class=\"fusion-image-element in-legacy-container\" style=\"--awb-max-width:200px;--awb-caption-title-font-family:var(--h2_typography-font-family);--awb-caption-title-font-weight:var(--h2_typography-font-weight);--awb-caption-title-font-style:var(--h2_typography-font-style);--awb-caption-title-size:var(--h2_typography-font-size);--awb-caption-title-transform:var(--h2_typography-text-transform);--awb-caption-title-line-height:var(--h2_typography-line-height);--awb-caption-title-letter-spacing:var(--h2_typography-letter-spacing);\"><span class=\" fusion-imageframe imageframe-none imageframe-2 hover-type-none\" class=\"image-magnify\" class=\"image-scroll\"><img decoding=\"async\" width=\"272\" height=\"271\" title=\"tinusBeyaz\" src=\"https:\/\/mechanical-finder.com\/wp\/wp-content\/uploads\/2023\/03\/tinusBeyaz.png\" alt class=\"img-responsive wp-image-7232\" srcset=\"https:\/\/mechanical-finder.com\/wp\/wp-content\/uploads\/2023\/03\/tinusBeyaz-200x199.png 200w, https:\/\/mechanical-finder.com\/wp\/wp-content\/uploads\/2023\/03\/tinusBeyaz.png 272w\" sizes=\"(max-width: 800px) 100vw, 272px\" \/><\/span><\/div><div class=\"fusion-text fusion-text-15\"><h4>Tinus Technologies<\/h4>\n<\/div><div class=\"fusion-fa-align-left\"><i class=\"fb-icon-element-9 fb-icon-element fontawesome-icon fa-map-marker-alt fas circle-no\" style=\"--awb-iconcolor:#747474;--awb-iconcolor-hover:#0092da;--awb-font-size:20px;--awb-margin-top:5px;--awb-margin-right:10px;\"><\/i><\/div><div class=\"fusion-text fusion-text-16\"><p>Kaz\u0131m \u00d6zalp Mah. K\u0131z Kulesi Sok. 21\/6 GOP \u00c7ankaya Ankara, Turkey<\/p>\n<\/div><div class=\"fusion-fa-align-left\"><i class=\"fb-icon-element-10 fb-icon-element fontawesome-icon fa-phone fas circle-no\" style=\"--awb-iconcolor:#747474;--awb-iconcolor-hover:#0092da;--awb-font-size:20px;--awb-margin-top:5px;--awb-margin-right:10px;\"><\/i><\/div><div class=\"fusion-text fusion-text-17\"><p>+90 505 773 78 03<\/p>\n<\/div><div class=\"fusion-fa-align-left\"><i class=\"fb-icon-element-11 fb-icon-element fontawesome-icon fa-envelope fas circle-no\" style=\"--awb-iconcolor:#747474;--awb-iconcolor-hover:#0092da;--awb-font-size:20px;--awb-margin-top:5px;--awb-margin-right:10px;\"><\/i><\/div><div class=\"fusion-text fusion-text-18\"><p><a href=\"mailto:info@tinustech.com\">info@tinustech.com<\/a><\/p>\n<\/div><div class=\"fusion-fa-align-left\"><i class=\"fb-icon-element-12 fb-icon-element fontawesome-icon fa-globe fas circle-no\" style=\"--awb-iconcolor:#747474;--awb-iconcolor-hover:#0092da;--awb-font-size:20px;--awb-margin-top:5px;--awb-margin-right:10px;\"><\/i><\/div><div class=\"fusion-text fusion-text-19\"><p><a href=\"https:\/\/www.tinustech.com\/\" target=\"_blank\" rel=\"noopener noreferrer\">https:\/\/www.tinustech.com\/<\/a><\/p>\n<\/div><div class=\"fusion-clearfix\"><\/div><\/div><\/div><div class=\"fusion-layout-column fusion_builder_column fusion-builder-column-8 fusion_builder_column_1_2 1_2 fusion-one-half fusion-column-last\" style=\"--awb-bg-size:cover;width:50%;width:calc(50% - ( ( 4% ) * 0.5 ) );\"><div class=\"fusion-column-wrapper fusion-flex-column-wrapper-legacy\"><div class=\"shortcode-map fusion-google-map fusion-maps-embed-type\"><iframe class=\"fusion-hidden\" data-privacy-type=\"gmaps\" src=\"\" width=\"100%\" height=\"300px\" frameborder=\"0\" style=\"border:0\" data-privacy-src=\"https:\/\/www.google.com\/maps\/embed\/v1\/place?key=AIzaSyCEFIrEL7fEVUN7IxfgAc8I_kqv-qS9TeE&language=ja&q=Kaz\u0131m+\u00d6zalp+Mah.+K\u0131z+Kulesi+Sok.+21\/6+GOP+\u00c7ankaya+Ankara,+Turkey&maptype=roadmap&zoom=14\" allowfullscreen><\/iframe><div class=\"fusion-privacy-placeholder\" style=\"width:100%; height:300px;\" data-privacy-type=\"gmaps\"><div class=\"fusion-privacy-placeholder-content\"><div class=\"fusion-privacy-label\">For privacy reasons Google Maps needs your permission to be loaded. For more details, please see our <a class=\"privacy-policy-link\" href=\"https:\/\/mechanical-finder.com\/privacy-policy\/\" rel=\"privacy-policy\">Privacy Policy<\/a>.<\/div><a href=\"\" data-privacy-type=\"gmaps\" class=\"fusion-button button-default fusion-button-default-size button fusion-privacy-consent\">I Accept<\/a><\/div><\/div><\/div><div class=\"fusion-clearfix\"><\/div><\/div><\/div><\/div><\/div><\/p>\n","protected":false},"excerpt":{"rendered":"","protected":false},"author":1,"featured_media":0,"parent":0,"menu_order":0,"comment_status":"closed","ping_status":"closed","template":"100-width.php","meta":{"_locale":"ja","_original_post":"399","footnotes":""},"class_list":["post-1702","page","type-page","status-publish","hentry","ja"],"_links":{"self":[{"href":"https:\/\/mechanical-finder.com\/wp-json\/wp\/v2\/pages\/1702","targetHints":{"allow":["GET"]}}],"collection":[{"href":"https:\/\/mechanical-finder.com\/wp-json\/wp\/v2\/pages"}],"about":[{"href":"https:\/\/mechanical-finder.com\/wp-json\/wp\/v2\/types\/page"}],"author":[{"embeddable":true,"href":"https:\/\/mechanical-finder.com\/wp-json\/wp\/v2\/users\/1"}],"replies":[{"embeddable":true,"href":"https:\/\/mechanical-finder.com\/wp-json\/wp\/v2\/comments?post=1702"}],"version-history":[{"count":33,"href":"https:\/\/mechanical-finder.com\/wp-json\/wp\/v2\/pages\/1702\/revisions"}],"predecessor-version":[{"id":9105,"href":"https:\/\/mechanical-finder.com\/wp-json\/wp\/v2\/pages\/1702\/revisions\/9105"}],"wp:attachment":[{"href":"https:\/\/mechanical-finder.com\/wp-json\/wp\/v2\/media?parent=1702"}],"curies":[{"name":"wp","href":"https:\/\/api.w.org\/{rel}","templated":true}]}}